{"id":1335,"date":"2025-09-04T19:08:09","date_gmt":"2025-09-04T19:08:09","guid":{"rendered":"https:\/\/elbastion.com.mx\/?page_id=1335"},"modified":"2025-09-04T19:08:10","modified_gmt":"2025-09-04T19:08:10","slug":"quienes-somos","status":"publish","type":"page","link":"https:\/\/elbastion.com.mx\/index.php\/quienes-somos\/","title":{"rendered":"\u00bfQui\u00e9nes Somos?"},"content":{"rendered":"\n<p>Elbastion.com.mx defiende los valores que construyeron a M\u00e9xico: familia, patria y esfuerzo. Una voz clara en tiempos de confusi\u00f3n.<br><strong>Formamos parte de Medios Digitales Nacionales<\/strong>, una red que honra nuestras ra\u00edces y proyecta futuro.<\/p>\n\n\n<div class=\"wp-block-image\">\n<figure class=\"aligncenter size-full\"><img loading=\"lazy\" decoding=\"async\" width=\"500\" height=\"500\" src=\"https:\/\/elbastion.com.mx\/wp-content\/uploads\/2025\/09\/el-bastioon-3.png\" alt=\"\" class=\"wp-image-1336\" srcset=\"https:\/\/elbastion.com.mx\/wp-content\/uploads\/2025\/09\/el-bastioon-3.png 500w, https:\/\/elbastion.com.mx\/wp-content\/uploads\/2025\/09\/el-bastioon-3-300x300.png 300w, https:\/\/elbastion.com.mx\/wp-content\/uploads\/2025\/09\/el-bastioon-3-150x150.png 150w, https:\/\/elbastion.com.mx\/wp-content\/uploads\/2025\/09\/el-bastioon-3-100x100.png 100w\" sizes=\"auto, (max-width: 500px) 100vw, 500px\" \/><\/figure>\n<\/div>","protected":false},"excerpt":{"rendered":"<p>Elbastion.com.mx defiende los valores que construyeron a M\u00e9xico: familia, patria y esfuerzo. Una voz clara en tiempos de confusi\u00f3n.Formamos parte de Medios Digitales Nacionales, una red que honra nuestras ra\u00edces y proyecta futuro.<\/p>\n","protected":false},"author":1,"featured_media":0,"parent":0,"menu_order":0,"comment_status":"closed","ping_status":"closed","template":"","meta":{"footnotes":""},"class_list":["post-1335","page","type-page","status-publish","hentry"],"_links":{"self":[{"href":"https:\/\/elbastion.com.mx\/index.php\/wp-json\/wp\/v2\/pages\/1335","targetHints":{"allow":["GET"]}}],"collection":[{"href":"https:\/\/elbastion.com.mx\/index.php\/wp-json\/wp\/v2\/pages"}],"about":[{"href":"https:\/\/elbastion.com.mx\/index.php\/wp-json\/wp\/v2\/types\/page"}],"author":[{"embeddable":true,"href":"https:\/\/elbastion.com.mx\/index.php\/wp-json\/wp\/v2\/users\/1"}],"replies":[{"embeddable":true,"href":"https:\/\/elbastion.com.mx\/index.php\/wp-json\/wp\/v2\/comments?post=1335"}],"version-history":[{"count":1,"href":"https:\/\/elbastion.com.mx\/index.php\/wp-json\/wp\/v2\/pages\/1335\/revisions"}],"predecessor-version":[{"id":1337,"href":"https:\/\/elbastion.com.mx\/index.php\/wp-json\/wp\/v2\/pages\/1335\/revisions\/1337"}],"wp:attachment":[{"href":"https:\/\/elbastion.com.mx\/index.php\/wp-json\/wp\/v2\/media?parent=1335"}],"curies":[{"name":"wp","href":"https:\/\/api.w.org\/{rel}","templated":true}]}}